{"id":17,"date":"2022-04-03T17:56:58","date_gmt":"2022-04-03T15:56:58","guid":{"rendered":"https:\/\/sites.delab.fr\/avignon-communale\/?page_id=17"},"modified":"2022-04-03T17:56:58","modified_gmt":"2022-04-03T15:56:58","slug":"resources","status":"publish","type":"page","link":"https:\/\/histoire-multimedia-web.univ-avignon.fr\/avignon-avant-les-papes\/resources\/","title":{"rendered":"Ressources"},"content":{"rendered":"<div class=\"wp-block-getwid-advanced-heading\" style=\"margin-bottom:0px\"><span class=\"wp-block-getwid-advanced-heading__content\">Les ressources utilis&eacute;es ainsi que des ressources compl&eacute;mentaires sont r&eacute;pertori&eacute;es par ordre alphab&eacute;tique ci-dessous pour vous permettre d&rsquo;approfondir un sujet en particulier ou simplement savoir d&rsquo;o&ugrave; viennent nos informations.<\/span><\/div>\n\n\n\n<h2 class=\"wp-block-heading\">Bibliographie<\/h2>\n\n\n\n<p>BALOSSINO Simone, <em>I podest&agrave; sulle sponde del Rodano, Arles e Avignone nei secoli XII e XIII<\/em>, Rome, Viella, 2015<br><br>BALOSSINO Simone, <em>Le pont d&rsquo;Avignon : Une soci&eacute;t&eacute; de b&acirc;tisseurs (XIIe-XVe si&egrave;cle)<\/em>, Avignon, EUA, 2021.<br><br>BERTRAND Paul, &laquo;&nbsp;Ordres <a class=\"glossaryLink\"  aria-describedby=\"tt\"  data-cmtooltip=\"&lt;div class=glossaryItemTitle&gt;Mendiants&lt;\/div&gt;&lt;div class=glossaryItemBody&gt;&amp;lt;!-- wp:paragraph --&amp;gt;Les fr&egrave;res mendiants, appartenant aux ordres franciscains et dominicains, dits ordres mendiants, sont des fr&egrave;res religieux qui se d&eacute;marquent par leur vie de pauvret&eacute;. &amp;lt;br\/&amp;gt;&amp;lt;!-- \/wp:paragraph --&amp;gt;&lt;\/div&gt;\"  href=\"https:\/\/histoire-multimedia-web.univ-avignon.fr\/avignon-avant-les-papes\/glossary\/freres-mendiants\/\"  data-gt-translate-attributes='[{\"attribute\":\"data-cmtooltip\", \"format\":\"html\"}]'>mendiants<\/a> et renouveau spirituel du bas Moyen &Acirc;ge (fin du XII<sup>e<\/sup>&nbsp;s.-XV<sup>e<\/sup>&nbsp;s.). Esquisses d&rsquo;historiographie&nbsp;&raquo;,&nbsp;<em>Le Moyen Age<\/em>, vol. cvii, n&deg;2, 2001, p. 305-315.<br><br>LEROY Nicolas, &laquo;&nbsp;L&rsquo;exemple d&rsquo;une ville au pouvoir judiciaire souverain : Avignon au XIIe si&egrave;cle&nbsp;&raquo;, <em>Annales du Midi : revue arch&eacute;ologique, histoire et philologique de la France m&eacute;ridionale<\/em>, vol. 123, n&deg;276, 2011, p. 567-580.<br><br>ROCH Jean-Louis, &laquo;&nbsp;L&rsquo;honneur du m&eacute;tier. Groupes socioprofessionnels et identit&eacute; dans la ville m&eacute;di&eacute;vale&nbsp;&raquo;, <em>Le travail au Moyen Age<\/em>, Paris : &eacute;ditions du CTHS, 2007, p. 58-73.<br><br>ROLLAND Franck, &laquo;&nbsp;Un mur oubli&eacute; : Le rempart du XIIIe si&egrave;cle &agrave; Avignon&nbsp;&raquo;, <em>Arch&eacute;ologie m&eacute;di&eacute;vale<\/em>, tome 19, 1989. p. 173-208.<\/p>","protected":false},"excerpt":{"rendered":"<p>Bibliographie BALOSSINO Simone, I podest&agrave; sulle sponde del Rodano, Arles e Avignone nei secoli XII e XIII, Rome, Viella, 2015 BALOSSINO Simone, Le pont d&rsquo;Avignon : Une soci&eacute;t&eacute; de b&acirc;tisseurs (XIIe-XVe si&egrave;cle), Avignon, EUA, 2021. BERTRAND Paul, &laquo;&nbsp;Ordres <a class=\"glossaryLink\" aria-describedby=\"tt\" data-cmtooltip=\"&lt;div class=glossaryItemTitle&gt;Mendiants&lt;\/div&gt;&lt;div class=glossaryItemBody&gt;&amp;lt;!-- wp:paragraph --&amp;gt;Les fr&egrave;res mendiants, appartenant aux ordres franciscains et dominicains, dits ordres mendiants, sont des fr&egrave;res religieux qui se d&eacute;marquent par leur vie de pauvret&eacute;. &amp;lt;br\/&amp;gt;&amp;lt;!-- \/wp:paragraph --&amp;gt;&lt;\/div&gt;\" href=\"https:\/\/histoire-multimedia-web.univ-avignon.fr\/avignon-avant-les-papes\/glossary\/freres-mendiants\/\" data-gt-translate-attributes='[{\"attribute\":\"data-cmtooltip\", \"format\":\"html\"}]'>mendiants<\/a> et renouveau spirituel du bas Moyen &Acirc;ge (fin du XIIe&nbsp;s.-XVe&nbsp;s.). Esquisses d&rsquo;historiographie&nbsp;&raquo;,&nbsp;Le Moyen Age, vol. cvii, &hellip; <\/p>\n<p class=\"link-more\"><a href=\"https:\/\/histoire-multimedia-web.univ-avignon.fr\/avignon-avant-les-papes\/resources\/\" class=\"more-link\">Continuer la lecture<span class=\"screen-reader-text\"> de &laquo;&nbsp;Ressources&nbsp;&raquo;<\/span><\/a><\/p>","protected":false},"author":7,"featured_media":0,"parent":0,"menu_order":0,"comment_status":"closed","ping_status":"closed","template":"","meta":[],"acf":[],"yoast_head":"<!-- This site is optimized with the Yoast SEO plugin v20.5 - https:\/\/yoast.com\/wordpress\/plugins\/seo\/ -->\n<title>Ressources - Avignon avant les papes<\/title>\n<meta name=\"description\" content=\"Les ressources utilis\u00e9es pour la r\u00e9daction des contenus du site sur Avignon avant les Papes sont r\u00e9pertori\u00e9es ici.\" \/>\n<meta name=\"robots\" content=\"index, follow, max-snippet:-1, max-image-preview:large, max-video-preview:-1\" \/>\n<link rel=\"canonical\" href=\"https:\/\/histoire-multimedia-web.univ-avignon.fr\/avignon-avant-les-papes\/resources\/\" \/>\n<meta property=\"og:locale\" content=\"fr_FR\" \/>\n<meta property=\"og:type\" content=\"article\" \/>\n<meta property=\"og:title\" content=\"Ressources - Avignon avant les papes\" \/>\n<meta property=\"og:description\" content=\"Les ressources utilis\u00e9es pour la r\u00e9daction des contenus du site sur Avignon avant les Papes sont r\u00e9pertori\u00e9es ici.\" \/>\n<meta property=\"og:url\" content=\"https:\/\/histoire-multimedia-web.univ-avignon.fr\/avignon-avant-les-papes\/resources\/\" \/>\n<meta property=\"og:site_name\" content=\"Avignon avant les papes\" \/>\n<meta name=\"twitter:card\" content=\"summary_large_image\" \/>\n<meta name=\"twitter:label1\" content=\"Dur\u00e9e de lecture estim\u00e9e\" \/>\n\t<meta name=\"twitter:data1\" content=\"1 minute\" \/>\n<script type=\"application\/ld+json\" class=\"yoast-schema-graph\">{\"@context\":\"https:\/\/schema.org\",\"@graph\":[{\"@type\":\"WebPage\",\"@id\":\"https:\/\/histoire-multimedia-web.univ-avignon.fr\/avignon-avant-les-papes\/resources\/\",\"url\":\"https:\/\/histoire-multimedia-web.univ-avignon.fr\/avignon-avant-les-papes\/resources\/\",\"name\":\"Ressources - Avignon avant les papes\",\"isPartOf\":{\"@id\":\"https:\/\/histoire-multimedia-web.univ-avignon.fr\/avignon-avant-les-papes\/#website\"},\"datePublished\":\"2022-04-03T15:56:58+00:00\",\"dateModified\":\"2022-04-03T15:56:58+00:00\",\"description\":\"Les ressources utilis\u00e9es pour la r\u00e9daction des contenus du site sur Avignon avant les Papes sont r\u00e9pertori\u00e9es ici.\",\"breadcrumb\":{\"@id\":\"https:\/\/histoire-multimedia-web.univ-avignon.fr\/avignon-avant-les-papes\/resources\/#breadcrumb\"},\"inLanguage\":\"fr-FR\",\"potentialAction\":[{\"@type\":\"ReadAction\",\"target\":[\"https:\/\/histoire-multimedia-web.univ-avignon.fr\/avignon-avant-les-papes\/resources\/\"]}]},{\"@type\":\"BreadcrumbList\",\"@id\":\"https:\/\/histoire-multimedia-web.univ-avignon.fr\/avignon-avant-les-papes\/resources\/#breadcrumb\",\"itemListElement\":[{\"@type\":\"ListItem\",\"position\":1,\"name\":\"Accueil\",\"item\":\"https:\/\/histoire-multimedia-web.univ-avignon.fr\/avignon-avant-les-papes\/\"},{\"@type\":\"ListItem\",\"position\":2,\"name\":\"Ressources\"}]},{\"@type\":\"WebSite\",\"@id\":\"https:\/\/histoire-multimedia-web.univ-avignon.fr\/avignon-avant-les-papes\/#website\",\"url\":\"https:\/\/histoire-multimedia-web.univ-avignon.fr\/avignon-avant-les-papes\/\",\"name\":\"Avignon avant les papes\",\"description\":\"D\u00e9couvrir Avignon entre le XIIe et XIVe si\u00e8cle\",\"potentialAction\":[{\"@type\":\"SearchAction\",\"target\":{\"@type\":\"EntryPoint\",\"urlTemplate\":\"https:\/\/histoire-multimedia-web.univ-avignon.fr\/avignon-avant-les-papes\/?s={search_term_string}\"},\"query-input\":\"required name=search_term_string\"}],\"inLanguage\":\"fr-FR\"}]}<\/script>\n<!-- \/ Yoast SEO plugin. -->","yoast_head_json":{"title":"Ressources - Avignon avant les papes","description":"Les ressources utilis\u00e9es pour la r\u00e9daction des contenus du site sur Avignon avant les Papes sont r\u00e9pertori\u00e9es ici.","robots":{"index":"index","follow":"follow","max-snippet":"max-snippet:-1","max-image-preview":"max-image-preview:large","max-video-preview":"max-video-preview:-1"},"canonical":"https:\/\/histoire-multimedia-web.univ-avignon.fr\/avignon-avant-les-papes\/resources\/","og_locale":"fr_FR","og_type":"article","og_title":"Ressources - Avignon avant les papes","og_description":"Les ressources utilis\u00e9es pour la r\u00e9daction des contenus du site sur Avignon avant les Papes sont r\u00e9pertori\u00e9es ici.","og_url":"https:\/\/histoire-multimedia-web.univ-avignon.fr\/avignon-avant-les-papes\/resources\/","og_site_name":"Avignon avant les papes","twitter_card":"summary_large_image","twitter_misc":{"Dur\u00e9e de lecture estim\u00e9e":"1 minute"},"schema":{"@context":"https:\/\/schema.org","@graph":[{"@type":"WebPage","@id":"https:\/\/histoire-multimedia-web.univ-avignon.fr\/avignon-avant-les-papes\/resources\/","url":"https:\/\/histoire-multimedia-web.univ-avignon.fr\/avignon-avant-les-papes\/resources\/","name":"Ressources - Avignon avant les papes","isPartOf":{"@id":"https:\/\/histoire-multimedia-web.univ-avignon.fr\/avignon-avant-les-papes\/#website"},"datePublished":"2022-04-03T15:56:58+00:00","dateModified":"2022-04-03T15:56:58+00:00","description":"Les ressources utilis\u00e9es pour la r\u00e9daction des contenus du site sur Avignon avant les Papes sont r\u00e9pertori\u00e9es ici.","breadcrumb":{"@id":"https:\/\/histoire-multimedia-web.univ-avignon.fr\/avignon-avant-les-papes\/resources\/#breadcrumb"},"inLanguage":"fr-FR","potentialAction":[{"@type":"ReadAction","target":["https:\/\/histoire-multimedia-web.univ-avignon.fr\/avignon-avant-les-papes\/resources\/"]}]},{"@type":"BreadcrumbList","@id":"https:\/\/histoire-multimedia-web.univ-avignon.fr\/avignon-avant-les-papes\/resources\/#breadcrumb","itemListElement":[{"@type":"ListItem","position":1,"name":"Accueil","item":"https:\/\/histoire-multimedia-web.univ-avignon.fr\/avignon-avant-les-papes\/"},{"@type":"ListItem","position":2,"name":"Ressources"}]},{"@type":"WebSite","@id":"https:\/\/histoire-multimedia-web.univ-avignon.fr\/avignon-avant-les-papes\/#website","url":"https:\/\/histoire-multimedia-web.univ-avignon.fr\/avignon-avant-les-papes\/","name":"Avignon avant les papes","description":"D\u00e9couvrir Avignon entre le XIIe et XIVe si\u00e8cle","potentialAction":[{"@type":"SearchAction","target":{"@type":"EntryPoint","urlTemplate":"https:\/\/histoire-multimedia-web.univ-avignon.fr\/avignon-avant-les-papes\/?s={search_term_string}"},"query-input":"required name=search_term_string"}],"inLanguage":"fr-FR"}]}},"jetpack_sharing_enabled":true,"_links":{"self":[{"href":"https:\/\/histoire-multimedia-web.univ-avignon.fr\/avignon-avant-les-papes\/wp-json\/wp\/v2\/pages\/17"}],"collection":[{"href":"https:\/\/histoire-multimedia-web.univ-avignon.fr\/avignon-avant-les-papes\/wp-json\/wp\/v2\/pages"}],"about":[{"href":"https:\/\/histoire-multimedia-web.univ-avignon.fr\/avignon-avant-les-papes\/wp-json\/wp\/v2\/types\/page"}],"author":[{"embeddable":true,"href":"https:\/\/histoire-multimedia-web.univ-avignon.fr\/avignon-avant-les-papes\/wp-json\/wp\/v2\/users\/7"}],"replies":[{"embeddable":true,"href":"https:\/\/histoire-multimedia-web.univ-avignon.fr\/avignon-avant-les-papes\/wp-json\/wp\/v2\/comments?post=17"}],"version-history":[{"count":0,"href":"https:\/\/histoire-multimedia-web.univ-avignon.fr\/avignon-avant-les-papes\/wp-json\/wp\/v2\/pages\/17\/revisions"}],"wp:attachment":[{"href":"https:\/\/histoire-multimedia-web.univ-avignon.fr\/avignon-avant-les-papes\/wp-json\/wp\/v2\/media?parent=17"}],"curies":[{"name":"wp","href":"https:\/\/api.w.org\/{rel}","templated":true}]}}