{"id":347,"date":"2021-05-04T00:11:48","date_gmt":"2021-05-03T22:11:48","guid":{"rendered":"https:\/\/sites.delab.fr\/saint-anne\/?page_id=2"},"modified":"2021-05-04T00:11:48","modified_gmt":"2021-05-03T22:11:48","slug":"projet-de-recherche","status":"publish","type":"page","link":"https:\/\/histoire-multimedia-web.univ-avignon.fr\/cellules-art\/projet-de-recherche\/","title":{"rendered":"Le projet"},"content":{"rendered":"\n<div class=\"wp-block-group is-layout-flow\"><div class=\"wp-block-group__inner-container\">\n<p>Ce site est d\u00e9di\u00e9 \u00e0 l\u2019histoire des graffitis de la prison Sainte-Anne d\u2019Avignon narr\u00e9e par les \u00e9tudiants du CMI Histoire et Multim\u00e9dia d\u2019Avignon Universit\u00e9. Il prend place dans le cadre d\u2019un cours de Conception de site web&nbsp;du CMI en troisi\u00e8me ann\u00e9e de Licence. <\/p>\n\n\n\n<p>L\u2019objectif ? D\u2019abord, Mettre en valeur les graffitis de la prison Sainte-Anne d\u2019Avignon \u00e0 travers l\u2019atout que repr\u00e9sente l\u2019outil num\u00e9rique, de la num\u00e9risation des graffitis comme v\u00e9ritables sources d\u2019archive \u00e0 leur diffusion sur le web. Ensuite, perp\u00e9tuer l\u2019histoire \u2013 largement m\u00e9connue \u2013 de cette production artistique, et plus encore de la Maison d&rsquo;Arr\u00eat Sainte-Anne, d\u00e9sormais inaccessible du fait de la r\u00e9habilitation du b\u00e2timent.<\/p>\n\n\n\n<p>Sous quelle forme ? Dans un premier temps, comme un support iconographique \u00e0 partir duquel il est possible de visiter virtuellement la prison. Dans un second temps, comme une base scientifique et historique pour (re)d\u00e9couvrir l\u2019histoire particuli\u00e8re de cet \u00e9difice. En outre, pens\u00e9 de fa\u00e7on ludique et ergonomique, \u00ab\u00a0Cellules d\u2019art\u00a0\u00bb s\u2019adresse \u00e0 tous sans pr\u00e9requis aucun. \u00c9tudiants comme universitaires, chercheurs comme professionnels, passionn\u00e9s d\u2019un jour ou de longue haleine&#8230;<\/p>\n<\/div><\/div>\n\n\n\n<p><\/p>\n","protected":false},"excerpt":{"rendered":"<p>Ce site est d\u00e9di\u00e9 \u00e0 l\u2019histoire des graffitis de la prison Sainte-Anne d\u2019Avignon narr\u00e9e par les \u00e9tudiants du CMI Histoire et Multim\u00e9dia d\u2019Avignon Universit\u00e9. Il prend place dans le cadre d\u2019un cours de Conception de site web&nbsp;du CMI en troisi\u00e8me ann\u00e9e de Licence. L\u2019objectif ? D\u2019abord, Mettre en valeur les graffitis de la prison Sainte-Anne &hellip; <a href=\"https:\/\/histoire-multimedia-web.univ-avignon.fr\/cellules-art\/projet-de-recherche\/\" class=\"more-link\">Continue reading <span class=\"screen-reader-text\">Le projet<\/span> <span class=\"meta-nav\">&rarr;<\/span><\/a><\/p>\n","protected":false},"author":5,"featured_media":0,"parent":0,"menu_order":0,"comment_status":"closed","ping_status":"closed","template":"","meta":[],"acf":[],"yoast_head":"<!-- This site is optimized with the Yoast SEO plugin v20.5 - https:\/\/yoast.com\/wordpress\/plugins\/seo\/ -->\n<title>Le projet - Cellules d&#039;art<\/title>\n<meta name=\"robots\" content=\"index, follow, max-snippet:-1, max-image-preview:large, max-video-preview:-1\" \/>\n<link rel=\"canonical\" href=\"https:\/\/histoire-multimedia-web.univ-avignon.fr\/cellules-art\/projet-de-recherche\/\" \/>\n<meta property=\"og:locale\" content=\"fr_FR\" \/>\n<meta property=\"og:type\" content=\"article\" \/>\n<meta property=\"og:title\" content=\"Le projet - Cellules d&#039;art\" \/>\n<meta property=\"og:description\" content=\"Ce site est d\u00e9di\u00e9 \u00e0 l\u2019histoire des graffitis de la prison Sainte-Anne d\u2019Avignon narr\u00e9e par les \u00e9tudiants du CMI Histoire et Multim\u00e9dia d\u2019Avignon Universit\u00e9. Il prend place dans le cadre d\u2019un cours de Conception de site web&nbsp;du CMI en troisi\u00e8me ann\u00e9e de Licence. L\u2019objectif ? D\u2019abord, Mettre en valeur les graffitis de la prison Sainte-Anne &hellip; Continue reading Le projet &rarr;\" \/>\n<meta property=\"og:url\" content=\"https:\/\/histoire-multimedia-web.univ-avignon.fr\/cellules-art\/projet-de-recherche\/\" \/>\n<meta property=\"og:site_name\" content=\"Cellules d&#039;art\" \/>\n<meta name=\"twitter:card\" content=\"summary_large_image\" \/>\n<meta name=\"twitter:label1\" content=\"Dur\u00e9e de lecture estim\u00e9e\" \/>\n\t<meta name=\"twitter:data1\" content=\"1 minute\" \/>\n<script type=\"application\/ld+json\" class=\"yoast-schema-graph\">{\"@context\":\"https:\/\/schema.org\",\"@graph\":[{\"@type\":\"WebPage\",\"@id\":\"https:\/\/histoire-multimedia-web.univ-avignon.fr\/cellules-art\/projet-de-recherche\/\",\"url\":\"https:\/\/histoire-multimedia-web.univ-avignon.fr\/cellules-art\/projet-de-recherche\/\",\"name\":\"Le projet - Cellules d&#039;art\",\"isPartOf\":{\"@id\":\"https:\/\/histoire-multimedia-web.univ-avignon.fr\/cellules-art\/#website\"},\"datePublished\":\"2021-05-03T22:11:48+00:00\",\"dateModified\":\"2021-05-03T22:11:48+00:00\",\"breadcrumb\":{\"@id\":\"https:\/\/histoire-multimedia-web.univ-avignon.fr\/cellules-art\/projet-de-recherche\/#breadcrumb\"},\"inLanguage\":\"fr-FR\",\"potentialAction\":[{\"@type\":\"ReadAction\",\"target\":[\"https:\/\/histoire-multimedia-web.univ-avignon.fr\/cellules-art\/projet-de-recherche\/\"]}]},{\"@type\":\"BreadcrumbList\",\"@id\":\"https:\/\/histoire-multimedia-web.univ-avignon.fr\/cellules-art\/projet-de-recherche\/#breadcrumb\",\"itemListElement\":[{\"@type\":\"ListItem\",\"position\":1,\"name\":\"Accueil\",\"item\":\"https:\/\/histoire-multimedia-web.univ-avignon.fr\/cellules-art\/\"},{\"@type\":\"ListItem\",\"position\":2,\"name\":\"Le projet\"}]},{\"@type\":\"WebSite\",\"@id\":\"https:\/\/histoire-multimedia-web.univ-avignon.fr\/cellules-art\/#website\",\"url\":\"https:\/\/histoire-multimedia-web.univ-avignon.fr\/cellules-art\/\",\"name\":\"Cellules d&#039;art\",\"description\":\"Plongez dans l\u2019histoire de la prison Sainte-Anne d\u2019Avignon\u2026\",\"potentialAction\":[{\"@type\":\"SearchAction\",\"target\":{\"@type\":\"EntryPoint\",\"urlTemplate\":\"https:\/\/histoire-multimedia-web.univ-avignon.fr\/cellules-art\/?s={search_term_string}\"},\"query-input\":\"required name=search_term_string\"}],\"inLanguage\":\"fr-FR\"}]}<\/script>\n<!-- \/ Yoast SEO plugin. -->","yoast_head_json":{"title":"Le projet - Cellules d&#039;art","robots":{"index":"index","follow":"follow","max-snippet":"max-snippet:-1","max-image-preview":"max-image-preview:large","max-video-preview":"max-video-preview:-1"},"canonical":"https:\/\/histoire-multimedia-web.univ-avignon.fr\/cellules-art\/projet-de-recherche\/","og_locale":"fr_FR","og_type":"article","og_title":"Le projet - Cellules d&#039;art","og_description":"Ce site est d\u00e9di\u00e9 \u00e0 l\u2019histoire des graffitis de la prison Sainte-Anne d\u2019Avignon narr\u00e9e par les \u00e9tudiants du CMI Histoire et Multim\u00e9dia d\u2019Avignon Universit\u00e9. Il prend place dans le cadre d\u2019un cours de Conception de site web&nbsp;du CMI en troisi\u00e8me ann\u00e9e de Licence. L\u2019objectif ? D\u2019abord, Mettre en valeur les graffitis de la prison Sainte-Anne &hellip; Continue reading Le projet &rarr;","og_url":"https:\/\/histoire-multimedia-web.univ-avignon.fr\/cellules-art\/projet-de-recherche\/","og_site_name":"Cellules d&#039;art","twitter_card":"summary_large_image","twitter_misc":{"Dur\u00e9e de lecture estim\u00e9e":"1 minute"},"schema":{"@context":"https:\/\/schema.org","@graph":[{"@type":"WebPage","@id":"https:\/\/histoire-multimedia-web.univ-avignon.fr\/cellules-art\/projet-de-recherche\/","url":"https:\/\/histoire-multimedia-web.univ-avignon.fr\/cellules-art\/projet-de-recherche\/","name":"Le projet - Cellules d&#039;art","isPartOf":{"@id":"https:\/\/histoire-multimedia-web.univ-avignon.fr\/cellules-art\/#website"},"datePublished":"2021-05-03T22:11:48+00:00","dateModified":"2021-05-03T22:11:48+00:00","breadcrumb":{"@id":"https:\/\/histoire-multimedia-web.univ-avignon.fr\/cellules-art\/projet-de-recherche\/#breadcrumb"},"inLanguage":"fr-FR","potentialAction":[{"@type":"ReadAction","target":["https:\/\/histoire-multimedia-web.univ-avignon.fr\/cellules-art\/projet-de-recherche\/"]}]},{"@type":"BreadcrumbList","@id":"https:\/\/histoire-multimedia-web.univ-avignon.fr\/cellules-art\/projet-de-recherche\/#breadcrumb","itemListElement":[{"@type":"ListItem","position":1,"name":"Accueil","item":"https:\/\/histoire-multimedia-web.univ-avignon.fr\/cellules-art\/"},{"@type":"ListItem","position":2,"name":"Le projet"}]},{"@type":"WebSite","@id":"https:\/\/histoire-multimedia-web.univ-avignon.fr\/cellules-art\/#website","url":"https:\/\/histoire-multimedia-web.univ-avignon.fr\/cellules-art\/","name":"Cellules d&#039;art","description":"Plongez dans l\u2019histoire de la prison Sainte-Anne d\u2019Avignon\u2026","potentialAction":[{"@type":"SearchAction","target":{"@type":"EntryPoint","urlTemplate":"https:\/\/histoire-multimedia-web.univ-avignon.fr\/cellules-art\/?s={search_term_string}"},"query-input":"required name=search_term_string"}],"inLanguage":"fr-FR"}]}},"_links":{"self":[{"href":"https:\/\/histoire-multimedia-web.univ-avignon.fr\/cellules-art\/wp-json\/wp\/v2\/pages\/347"}],"collection":[{"href":"https:\/\/histoire-multimedia-web.univ-avignon.fr\/cellules-art\/wp-json\/wp\/v2\/pages"}],"about":[{"href":"https:\/\/histoire-multimedia-web.univ-avignon.fr\/cellules-art\/wp-json\/wp\/v2\/types\/page"}],"author":[{"embeddable":true,"href":"https:\/\/histoire-multimedia-web.univ-avignon.fr\/cellules-art\/wp-json\/wp\/v2\/users\/5"}],"replies":[{"embeddable":true,"href":"https:\/\/histoire-multimedia-web.univ-avignon.fr\/cellules-art\/wp-json\/wp\/v2\/comments?post=347"}],"version-history":[{"count":0,"href":"https:\/\/histoire-multimedia-web.univ-avignon.fr\/cellules-art\/wp-json\/wp\/v2\/pages\/347\/revisions"}],"wp:attachment":[{"href":"https:\/\/histoire-multimedia-web.univ-avignon.fr\/cellules-art\/wp-json\/wp\/v2\/media?parent=347"}],"curies":[{"name":"wp","href":"https:\/\/api.w.org\/{rel}","templated":true}]}}