{"id":44,"date":"2021-05-18T10:05:51","date_gmt":"2021-05-18T08:05:51","guid":{"rendered":"https:\/\/sites.delab.fr\/saint-anne\/?page_id=44"},"modified":"2021-05-18T10:05:51","modified_gmt":"2021-05-18T08:05:51","slug":"ressources","status":"publish","type":"page","link":"https:\/\/histoire-multimedia-web.univ-avignon.fr\/cellules-art\/ressources\/","title":{"rendered":"Ressources"},"content":{"rendered":"\n<p>Pour aller plus loin :<\/p>\n\n\n\n<p><a href=\"https:\/\/criminocorpus.org\">https:\/\/criminocorpus.org<\/a><\/p>\n\n\n\n<p><a href=\"http:\/\/brunodesbaumettes.overblog.com\/des-mots-et-des-murs.html\">http:\/\/brunodesbaumettes.overblog.com\/des-mots-et-des-murs.html<\/a><\/p>\n\n\n\n<p><a href=\"https:\/\/archives.vaucluse.fr\/-1192.html\">https:\/\/archives.vaucluse.fr\/-1192.html<\/a><\/p>\n\n\n\n<p><a href=\"http:\/\/www.avignon.fr\/fileadmin\/Documents\/arch_documents\/yExterne\/prisonsaexpo.pdf\">http:\/\/www.avignon.fr\/fileadmin\/Documents\/arch_documents\/yExterne\/prisonsaexpo.pdf<\/a><\/p>\n\n\n\n<p><a href=\"https:\/\/lafabriquedesecritures.fr\/catalogue\/graffittis\/\">https:\/\/lafabriquedesecritures.fr\/catalogue\/graffittis\/<\/a><\/p>\n\n\n\n<p><a href=\"https:\/\/grga.fr\/\">https:\/\/grga.fr\/<\/a><\/p>\n\n\n\n<p>Articles scientifiques :<\/p>\n\n\n\n<p>MONJARET&nbsp;Anne,&nbsp;\u00ab\u00a0La cour des \u00abprisonniers \u00bb : graffiti et m\u00e9taphore carc\u00e9rale dans un mus\u00e9e parisien\u00a0\u00bb,&nbsp;In: Le Monde alpin et rhodanien. Revue r\u00e9gionale d&rsquo;ethnologie, n\u00b01-2\/2004,&nbsp;Cicatrices murales,&nbsp;Les graffiti de prison, sous la direction de Jo\u00ebl Candau et Philippe Hameau. pp. 77-88.<br>DOI :&nbsp;<a href=\"https:\/\/doi.org\/10.3406\/mar.2004.1838\">https:\/\/doi.org\/10.3406\/mar.2004.1838<\/a><\/p>\n\n\n\n<p>MONJARET Anne, \u00ab \u00c0 l&rsquo;ombre des murs palimpsestes. Les graffiti carc\u00e9raux ou faire avec les aveux de l&rsquo;histoire \u00bb, Gradhiva [En ligne], 24 | 2016, mis en ligne le 07 d\u00e9cembre 2019, consult\u00e9 le 04 mai 2021.<br>URL :&nbsp;<a href=\"http:\/\/journals.openedition.org\/gradhiva\/3288\">http:\/\/journals.openedition.org\/gradhiva\/3288<\/a><\/p>\n\n\n\n<p>TRUCHI Sandrine,&nbsp;\u00ab\u00a0Temps pass\u00e9 et temps ressenti : les graffiti de l&rsquo;ancienne prison de Brignoles\u00a0\u00bb&nbsp;In: Le Monde alpin et rhodanien. Revue r\u00e9gionale d&rsquo;ethnologie, n\u00b01-2\/2004,&nbsp;Cicatrices murales,&nbsp;Les graffiti de prison, sous la direction de Jo\u00ebl Candau et Philippe Hameau,&nbsp;pp. 29-46.<br>DOI :&nbsp;<a href=\"https:\/\/doi.org\/10.3406\/mar.2004.1835\">https:\/\/doi.org\/10.3406\/mar.2004.1835<\/a><\/p>\n\n\n\n<p>VERNERIS Marie-H\u00e9l\u00e8ne, \u00ab Quand les graffitis font le mur&#8230; Analyse socio-s\u00e9miotique dans les murs d&rsquo;une ancienne abbaye reconvertie en maison centrale, Clairvaux \u00bb, Le sujet dans la cit\u00e9, 2016\/1 (Actuels N\u00b0 5), p. 45-62.<br>DOI :&nbsp;<a href=\"https:\/\/doi.org\/10.3917\/lsdlc.hs05.0045\">https:\/\/doi.org\/10.3917\/lsdlc.hs05.0045<\/a><\/p>\n\n\n\n<p>BERTHET&nbsp;Fr\u00e9d\u00e9rique, \u00ab La prison Sainte-Anne d&rsquo;Avignon. D&rsquo;ouvertures en fermetures \u00bb, Vacarme, 2015\/3 (N\u00b0 72), p. 112-129<br>DOI :&nbsp;<a href=\"https:\/\/doi.org\/10.3917\/vaca.072.0112\">https:\/\/doi.org\/10.3917\/vaca.072.0112<\/a><\/p>\n","protected":false},"excerpt":{"rendered":"<p>Pour aller plus loin : https:\/\/criminocorpus.org http:\/\/brunodesbaumettes.overblog.com\/des-mots-et-des-murs.html https:\/\/archives.vaucluse.fr\/-1192.html http:\/\/www.avignon.fr\/fileadmin\/Documents\/arch_documents\/yExterne\/prisonsaexpo.pdf https:\/\/lafabriquedesecritures.fr\/catalogue\/graffittis\/ https:\/\/grga.fr\/ Articles scientifiques : MONJARET&nbsp;Anne,&nbsp;\u00ab\u00a0La cour des \u00abprisonniers \u00bb : graffiti et m\u00e9taphore carc\u00e9rale dans un mus\u00e9e parisien\u00a0\u00bb,&nbsp;In: Le Monde alpin et rhodanien. Revue r\u00e9gionale d&rsquo;ethnologie, n\u00b01-2\/2004,&nbsp;Cicatrices murales,&nbsp;Les graffiti de prison, sous la direction de Jo\u00ebl Candau et Philippe Hameau. pp. 77-88.DOI :&nbsp;https:\/\/doi.org\/10.3406\/mar.2004.1838 MONJARET Anne, &hellip; <a href=\"https:\/\/histoire-multimedia-web.univ-avignon.fr\/cellules-art\/ressources\/\" class=\"more-link\">Continue reading <span class=\"screen-reader-text\">Ressources<\/span> <span class=\"meta-nav\">&rarr;<\/span><\/a><\/p>\n","protected":false},"author":5,"featured_media":0,"parent":0,"menu_order":0,"comment_status":"closed","ping_status":"closed","template":"","meta":[],"acf":[],"yoast_head":"<!-- This site is optimized with the Yoast SEO plugin v20.5 - https:\/\/yoast.com\/wordpress\/plugins\/seo\/ -->\n<title>Ressources - Cellules d&#039;art<\/title>\n<meta name=\"robots\" content=\"index, follow, max-snippet:-1, max-image-preview:large, max-video-preview:-1\" \/>\n<link rel=\"canonical\" href=\"https:\/\/histoire-multimedia-web.univ-avignon.fr\/cellules-art\/ressources\/\" \/>\n<meta property=\"og:locale\" content=\"fr_FR\" \/>\n<meta property=\"og:type\" content=\"article\" \/>\n<meta property=\"og:title\" content=\"Ressources - Cellules d&#039;art\" \/>\n<meta property=\"og:description\" content=\"Pour aller plus loin : https:\/\/criminocorpus.org http:\/\/brunodesbaumettes.overblog.com\/des-mots-et-des-murs.html https:\/\/archives.vaucluse.fr\/-1192.html http:\/\/www.avignon.fr\/fileadmin\/Documents\/arch_documents\/yExterne\/prisonsaexpo.pdf https:\/\/lafabriquedesecritures.fr\/catalogue\/graffittis\/ https:\/\/grga.fr\/ Articles scientifiques : MONJARET&nbsp;Anne,&nbsp;\u00ab\u00a0La cour des \u00abprisonniers \u00bb : graffiti et m\u00e9taphore carc\u00e9rale dans un mus\u00e9e parisien\u00a0\u00bb,&nbsp;In: Le Monde alpin et rhodanien. Revue r\u00e9gionale d&rsquo;ethnologie, n\u00b01-2\/2004,&nbsp;Cicatrices murales,&nbsp;Les graffiti de prison, sous la direction de Jo\u00ebl Candau et Philippe Hameau. pp. 77-88.DOI :&nbsp;https:\/\/doi.org\/10.3406\/mar.2004.1838 MONJARET Anne, &hellip; Continue reading Ressources &rarr;\" \/>\n<meta property=\"og:url\" content=\"https:\/\/histoire-multimedia-web.univ-avignon.fr\/cellules-art\/ressources\/\" \/>\n<meta property=\"og:site_name\" content=\"Cellules d&#039;art\" \/>\n<meta name=\"twitter:card\" content=\"summary_large_image\" \/>\n<meta name=\"twitter:label1\" content=\"Dur\u00e9e de lecture estim\u00e9e\" \/>\n\t<meta name=\"twitter:data1\" content=\"1 minute\" \/>\n<script type=\"application\/ld+json\" class=\"yoast-schema-graph\">{\"@context\":\"https:\/\/schema.org\",\"@graph\":[{\"@type\":\"WebPage\",\"@id\":\"https:\/\/histoire-multimedia-web.univ-avignon.fr\/cellules-art\/ressources\/\",\"url\":\"https:\/\/histoire-multimedia-web.univ-avignon.fr\/cellules-art\/ressources\/\",\"name\":\"Ressources - Cellules d&#039;art\",\"isPartOf\":{\"@id\":\"https:\/\/histoire-multimedia-web.univ-avignon.fr\/cellules-art\/#website\"},\"datePublished\":\"2021-05-18T08:05:51+00:00\",\"dateModified\":\"2021-05-18T08:05:51+00:00\",\"breadcrumb\":{\"@id\":\"https:\/\/histoire-multimedia-web.univ-avignon.fr\/cellules-art\/ressources\/#breadcrumb\"},\"inLanguage\":\"fr-FR\",\"potentialAction\":[{\"@type\":\"ReadAction\",\"target\":[\"https:\/\/histoire-multimedia-web.univ-avignon.fr\/cellules-art\/ressources\/\"]}]},{\"@type\":\"BreadcrumbList\",\"@id\":\"https:\/\/histoire-multimedia-web.univ-avignon.fr\/cellules-art\/ressources\/#breadcrumb\",\"itemListElement\":[{\"@type\":\"ListItem\",\"position\":1,\"name\":\"Accueil\",\"item\":\"https:\/\/histoire-multimedia-web.univ-avignon.fr\/cellules-art\/\"},{\"@type\":\"ListItem\",\"position\":2,\"name\":\"Ressources\"}]},{\"@type\":\"WebSite\",\"@id\":\"https:\/\/histoire-multimedia-web.univ-avignon.fr\/cellules-art\/#website\",\"url\":\"https:\/\/histoire-multimedia-web.univ-avignon.fr\/cellules-art\/\",\"name\":\"Cellules d&#039;art\",\"description\":\"Plongez dans l\u2019histoire de la prison Sainte-Anne d\u2019Avignon\u2026\",\"potentialAction\":[{\"@type\":\"SearchAction\",\"target\":{\"@type\":\"EntryPoint\",\"urlTemplate\":\"https:\/\/histoire-multimedia-web.univ-avignon.fr\/cellules-art\/?s={search_term_string}\"},\"query-input\":\"required name=search_term_string\"}],\"inLanguage\":\"fr-FR\"}]}<\/script>\n<!-- \/ Yoast SEO plugin. -->","yoast_head_json":{"title":"Ressources - Cellules d&#039;art","robots":{"index":"index","follow":"follow","max-snippet":"max-snippet:-1","max-image-preview":"max-image-preview:large","max-video-preview":"max-video-preview:-1"},"canonical":"https:\/\/histoire-multimedia-web.univ-avignon.fr\/cellules-art\/ressources\/","og_locale":"fr_FR","og_type":"article","og_title":"Ressources - Cellules d&#039;art","og_description":"Pour aller plus loin : https:\/\/criminocorpus.org http:\/\/brunodesbaumettes.overblog.com\/des-mots-et-des-murs.html https:\/\/archives.vaucluse.fr\/-1192.html http:\/\/www.avignon.fr\/fileadmin\/Documents\/arch_documents\/yExterne\/prisonsaexpo.pdf https:\/\/lafabriquedesecritures.fr\/catalogue\/graffittis\/ https:\/\/grga.fr\/ Articles scientifiques : MONJARET&nbsp;Anne,&nbsp;\u00ab\u00a0La cour des \u00abprisonniers \u00bb : graffiti et m\u00e9taphore carc\u00e9rale dans un mus\u00e9e parisien\u00a0\u00bb,&nbsp;In: Le Monde alpin et rhodanien. Revue r\u00e9gionale d&rsquo;ethnologie, n\u00b01-2\/2004,&nbsp;Cicatrices murales,&nbsp;Les graffiti de prison, sous la direction de Jo\u00ebl Candau et Philippe Hameau. pp. 77-88.DOI :&nbsp;https:\/\/doi.org\/10.3406\/mar.2004.1838 MONJARET Anne, &hellip; Continue reading Ressources &rarr;","og_url":"https:\/\/histoire-multimedia-web.univ-avignon.fr\/cellules-art\/ressources\/","og_site_name":"Cellules d&#039;art","twitter_card":"summary_large_image","twitter_misc":{"Dur\u00e9e de lecture estim\u00e9e":"1 minute"},"schema":{"@context":"https:\/\/schema.org","@graph":[{"@type":"WebPage","@id":"https:\/\/histoire-multimedia-web.univ-avignon.fr\/cellules-art\/ressources\/","url":"https:\/\/histoire-multimedia-web.univ-avignon.fr\/cellules-art\/ressources\/","name":"Ressources - Cellules d&#039;art","isPartOf":{"@id":"https:\/\/histoire-multimedia-web.univ-avignon.fr\/cellules-art\/#website"},"datePublished":"2021-05-18T08:05:51+00:00","dateModified":"2021-05-18T08:05:51+00:00","breadcrumb":{"@id":"https:\/\/histoire-multimedia-web.univ-avignon.fr\/cellules-art\/ressources\/#breadcrumb"},"inLanguage":"fr-FR","potentialAction":[{"@type":"ReadAction","target":["https:\/\/histoire-multimedia-web.univ-avignon.fr\/cellules-art\/ressources\/"]}]},{"@type":"BreadcrumbList","@id":"https:\/\/histoire-multimedia-web.univ-avignon.fr\/cellules-art\/ressources\/#breadcrumb","itemListElement":[{"@type":"ListItem","position":1,"name":"Accueil","item":"https:\/\/histoire-multimedia-web.univ-avignon.fr\/cellules-art\/"},{"@type":"ListItem","position":2,"name":"Ressources"}]},{"@type":"WebSite","@id":"https:\/\/histoire-multimedia-web.univ-avignon.fr\/cellules-art\/#website","url":"https:\/\/histoire-multimedia-web.univ-avignon.fr\/cellules-art\/","name":"Cellules d&#039;art","description":"Plongez dans l\u2019histoire de la prison Sainte-Anne d\u2019Avignon\u2026","potentialAction":[{"@type":"SearchAction","target":{"@type":"EntryPoint","urlTemplate":"https:\/\/histoire-multimedia-web.univ-avignon.fr\/cellules-art\/?s={search_term_string}"},"query-input":"required name=search_term_string"}],"inLanguage":"fr-FR"}]}},"_links":{"self":[{"href":"https:\/\/histoire-multimedia-web.univ-avignon.fr\/cellules-art\/wp-json\/wp\/v2\/pages\/44"}],"collection":[{"href":"https:\/\/histoire-multimedia-web.univ-avignon.fr\/cellules-art\/wp-json\/wp\/v2\/pages"}],"about":[{"href":"https:\/\/histoire-multimedia-web.univ-avignon.fr\/cellules-art\/wp-json\/wp\/v2\/types\/page"}],"author":[{"embeddable":true,"href":"https:\/\/histoire-multimedia-web.univ-avignon.fr\/cellules-art\/wp-json\/wp\/v2\/users\/5"}],"replies":[{"embeddable":true,"href":"https:\/\/histoire-multimedia-web.univ-avignon.fr\/cellules-art\/wp-json\/wp\/v2\/comments?post=44"}],"version-history":[{"count":0,"href":"https:\/\/histoire-multimedia-web.univ-avignon.fr\/cellules-art\/wp-json\/wp\/v2\/pages\/44\/revisions"}],"wp:attachment":[{"href":"https:\/\/histoire-multimedia-web.univ-avignon.fr\/cellules-art\/wp-json\/wp\/v2\/media?parent=44"}],"curies":[{"name":"wp","href":"https:\/\/api.w.org\/{rel}","templated":true}]}}