{"id":9,"date":"2021-05-11T09:26:37","date_gmt":"2021-05-11T07:26:37","guid":{"rendered":"https:\/\/sites.delab.fr\/saint-anne\/?page_id=9"},"modified":"2021-05-11T09:26:37","modified_gmt":"2021-05-11T07:26:37","slug":"lhistoire-de-la-maison-darret","status":"publish","type":"page","link":"https:\/\/histoire-multimedia-web.univ-avignon.fr\/cellules-art\/lhistoire-de-la-maison-darret\/","title":{"rendered":"L&rsquo;Histoire de la maison d&rsquo;arr\u00eat"},"content":{"rendered":"\n<p class=\"has-drop-cap has-text-align-justify has-normal-font-size\">La ville d\u2019Avignon est riche d\u2019une histoire longue et complexe. M\u00eame si les origines de sa fondation sont assez floues et que quelques traces d\u2019une pr\u00e9sence humaine \u00e0 l\u2019\u00e9poque romaine sont visibles, elle conna\u00eet un essor consid\u00e9rable au Moyen-\u00c2ge. En effet, d\u00e8s le Moyen-\u00c2ge \u00ab\u202finterm\u00e9diaire \u00bb avec ses institutions consulaires vers 1130, la ville a connu un grand rayonnement r\u00e9gional (qui se concr\u00e9tise avec le d\u00e9but de la construction du pont d\u2019Avignon vers 1177). De plus, \u00e0 partir de 1226 la ville devient un centre des politiques et confrontations entre le Roi de France, le Pape et l\u2019Empereur du Saint-Empire.<\/p>\n\n\n\n<p class=\"has-text-align-justify has-normal-font-size\">C\u2019est au milieu du XIII\u00e8me si\u00e8cle que Les Fr\u00e8res de la P\u00e9nitence du Christ fondent le prieur\u00e9 de Notre-Dame de F\u00e9nhol\u00e9. L\u2019ordre est dissout lors du second Concile de Lyon (1274) et doit s\u2019int\u00e9grer dans un des quatre ordres mendiants reconnus \u00e0 savoir dominicains, franciscains, augustins et carmes. Ce n\u2019est que trois si\u00e8cles plus tard que ceux qu\u2019on a appel\u00e9 \u00ab\u202fles P\u00e9nitents noirs\u202f\u00bb s\u2019installent. Ils r\u00e9parent la vielle chapelle de Notre-Dame de Fenouillet (F\u00e9nhol\u00e9), construisent une sacristie et une anti-chapelle. Ces travaux de construction marquent leur volont\u00e9 de s\u2019affirmer par rapport aux autres ordres mendiants mais aussi de remplir leur but premier ; porter secours et assistance aux prisonniers et condamn\u00e9s. Ces \u00ab\u202fp\u00e9nitents de la mis\u00e9ricorde\u202f\u00bb poss\u00e9daient le privil\u00e8ge de pouvoir lib\u00e9rer un condamn\u00e9 tous les ans. Apr\u00e8s la chute en 1791 d\u2019une partie du rocher des Doms (d\u00e9truisant la partie ouest de l\u2019hospice) s\u2019ensuit la dissolution de cette compagnie avec la R\u00e9volution. En 1815, des religieuses de Saint Charles organisent la r\u00e9ouverture de la \u00ab\u202fMaison Royale de Sant\u00e9\u202f\u00bb tandis que les p\u00e9nitents noirs, malgr\u00e9 leur r\u00e9instauration, ne gardent que la Chapelle. Le 8 janvier 1847, le d\u00e9partement est reconnu propri\u00e9taire des b\u00e2timents, cependant l\u2019h\u00f4pital est consid\u00e9r\u00e9 comme oph\u00e9l\u00e8te face aux progr\u00e8s de la m\u00e9decine.<\/p>\n\n\n\n<figure class=\"wp-block-image size-large is-style-default\"><img decoding=\"async\" loading=\"lazy\" width=\"700\" height=\"390\" src=\"https:\/\/i0.wp.com\/histoire-multimedia-web.univ-avignon.fr\/cellules-art\/wp-content\/uploads\/sites\/3\/2021\/06\/20160901_1_1_4_1_0_obj12628560_1.jpg?resize=700%2C390&#038;ssl=1\" alt=\"\" class=\"wp-image-187\" srcset=\"https:\/\/i0.wp.com\/histoire-multimedia-web.univ-avignon.fr\/cellules-art\/wp-content\/uploads\/sites\/3\/2021\/06\/20160901_1_1_4_1_0_obj12628560_1.jpg?resize=1024%2C570&amp;ssl=1 1024w, https:\/\/i0.wp.com\/histoire-multimedia-web.univ-avignon.fr\/cellules-art\/wp-content\/uploads\/sites\/3\/2021\/06\/20160901_1_1_4_1_0_obj12628560_1.jpg?resize=300%2C167&amp;ssl=1 300w, https:\/\/i0.wp.com\/histoire-multimedia-web.univ-avignon.fr\/cellules-art\/wp-content\/uploads\/sites\/3\/2021\/06\/20160901_1_1_4_1_0_obj12628560_1.jpg?resize=768%2C427&amp;ssl=1 768w, https:\/\/i0.wp.com\/histoire-multimedia-web.univ-avignon.fr\/cellules-art\/wp-content\/uploads\/sites\/3\/2021\/06\/20160901_1_1_4_1_0_obj12628560_1.jpg?w=1400&amp;ssl=1 1400w\" sizes=\"(max-width: 700px) 100vw, 700px\" data-recalc-dims=\"1\" \/><\/figure>\n\n\n\n<p><\/p>\n\n\n\n<p class=\"has-text-align-justify has-normal-font-size\">Pendant plusieurs ann\u00e9es, la commune d\u2019Avignon avait eu pour projet de construire de nouvelles prisons car la Tour Campane, qui faisait office de prison depuis la R\u00e9volution, n\u2019\u00e9tait plus adapt\u00e9e et surtout surcharg\u00e9e. Le 6 octobre 1862, le conseil municipal d\u2019Avignon envisage de transf\u00e9rer les prisons d\u00e9partementales \u00e0 l\u2019ancien hospice. La construction de la Maison d\u2019Arr\u00eat Sainte Anne est, d\u2019une certaine mani\u00e8re, d\u00e9clench\u00e9e indirectement \u00e0 travers un projet d\u2019utilit\u00e9 publique le 16 ao\u00fbt 1863 (\u00e9voqu\u00e9 dans une ordonnance de Napol\u00e9on III qui entra\u00eene une v\u00e9ritable vague de cr\u00e9ation de nouvelles prisons). C\u2019est dans le courant de l\u2019ann\u00e9e 1864 que les travaux d\u2019un projet s\u2019\u00e9tendant bien plus loin que l\u2019office d\u00e9butent, ils ne s\u2019ach\u00e8vent qu\u2019en 1871 et au total 34 propri\u00e9taires seront expuls\u00e9s de leur propri\u00e9t\u00e9 soit une superficie de 8400m\u00b2 (140 m\u00e8tres de long et 60 m\u00e8tres de large). Cette prison se constitue pr\u00e8s du Palais des Papes au pied du Rocher des Doms. Elle vient remplacer l\u2019ancienne maison de sant\u00e9 des ali\u00e9n\u00e9s, \u00e0 quelques m\u00e8tres de l\u2019escalier Sainte Anne, d\u2019o\u00f9 l\u2019appellation de la Maison d\u2019Arr\u00eat.<\/p>\n\n\n\n<p class=\"has-text-align-justify has-normal-font-size\">La prison, con\u00e7ue en pierres de taille, a la particularit\u00e9 de combiner un plan \u00e0 cour centrale (caract\u00e9ristique des prisons fran\u00e7aises du XIX\u00e8me si\u00e8cle) et un plan trap\u00e9zo\u00efdal \u00e0 multiples cours.<\/p>\n\n\n\n<p class=\"has-text-align-justify has-normal-font-size\">Elle comporte \u00e9videmment un chemin de ronde et la dimension des cellules varie entre 9 et 25 m\u00b2, comprenant ainsi entre deux \u00e0 six d\u00e9tenus. Cette prison n\u2019a donc pas \u00e9t\u00e9 construite sur un mod\u00e8le d\u2019isolement cellulaire, except\u00e9 en 1905 o\u00f9 des travaux sont initi\u00e9s pour cr\u00e9er un quartier cellulaire termin\u00e9 en 1920. Malgr\u00e9 la transformation d\u2019une chapelle en cuisine, la Maison d\u2019Arr\u00eat n\u2019a que tr\u00e8s peu chang\u00e9 depuis la fin du XIX\u00e8me si\u00e8cle. Cependant, la prison conna\u00eet quelques transformations au cours du XX\u00e8me si\u00e8cle ; r\u00e9quisitionn\u00e9e pour les prisonniers de guerre par l\u2019arm\u00e9e pendant la Premi\u00e8re Guerre mondiale, le b\u00e2timent devient en 1922 prison d\u00e9partementale et est c\u00e9d\u00e9 \u00e0 l\u2019\u00c9tat. Lors de la Seconde Guerre mondiale, la Maison d\u2019Arr\u00eat \u00ab\u202fabrite\u202f\u00bb, selon qui en est \u00ab\u202fma\u00eetre\u202f\u00bb, des r\u00e9sistants, des collaborateurs ou bien des juifs.<\/p>\n\n\n\n<p class=\"has-text-align-justify has-normal-font-size\">Durant la guerre d\u2019Alg\u00e9rie, quelques prisonniers politiques y sont d\u00e9tenus, ainsi on pouvait y retrouver des membres du MNA et de l\u2019OAS. C\u2019est seulement depuis la fin de cette guerre que sont incarc\u00e9r\u00e9s uniquement des d\u00e9tenus de droit commun. En juin 2000, une commission d\u2019enqu\u00eate engag\u00e9e par le S\u00e9nat d\u00e9pose un rapport d\u00e9clarant la prison Sainte Anne trop v\u00e9tuste et c\u2019est ainsi que la fermeture de la Maison d\u2019Arr\u00eat d\u2019Avignon est act\u00e9e, remplac\u00e9e plus tard par le Centre P\u00e9nitentiaire de Pontet.<\/p>\n","protected":false},"excerpt":{"rendered":"<p>La ville d\u2019Avignon est riche d\u2019une histoire longue et complexe. M\u00eame si les origines de sa fondation sont assez floues et que quelques traces d\u2019une pr\u00e9sence humaine \u00e0 l\u2019\u00e9poque romaine sont visibles, elle conna\u00eet un essor consid\u00e9rable au Moyen-\u00c2ge. En effet, d\u00e8s le Moyen-\u00c2ge \u00ab\u202finterm\u00e9diaire \u00bb avec ses institutions consulaires vers 1130, la ville a &hellip; <a href=\"https:\/\/histoire-multimedia-web.univ-avignon.fr\/cellules-art\/lhistoire-de-la-maison-darret\/\" class=\"more-link\">Continue reading <span class=\"screen-reader-text\">L&rsquo;Histoire de la maison d&rsquo;arr\u00eat<\/span> <span class=\"meta-nav\">&rarr;<\/span><\/a><\/p>\n","protected":false},"author":5,"featured_media":0,"parent":0,"menu_order":0,"comment_status":"closed","ping_status":"closed","template":"","meta":[],"acf":[],"yoast_head":"<!-- This site is optimized with the Yoast SEO plugin v20.5 - https:\/\/yoast.com\/wordpress\/plugins\/seo\/ -->\n<title>L&#039;Histoire de la maison d&#039;arr\u00eat - Cellules d&#039;art<\/title>\n<meta name=\"robots\" content=\"index, follow, max-snippet:-1, max-image-preview:large, max-video-preview:-1\" \/>\n<link rel=\"canonical\" href=\"https:\/\/histoire-multimedia-web.univ-avignon.fr\/cellules-art\/lhistoire-de-la-maison-darret\/\" \/>\n<meta property=\"og:locale\" content=\"fr_FR\" \/>\n<meta property=\"og:type\" content=\"article\" \/>\n<meta property=\"og:title\" content=\"L&#039;Histoire de la maison d&#039;arr\u00eat - Cellules d&#039;art\" \/>\n<meta property=\"og:description\" content=\"La ville d\u2019Avignon est riche d\u2019une histoire longue et complexe. M\u00eame si les origines de sa fondation sont assez floues et que quelques traces d\u2019une pr\u00e9sence humaine \u00e0 l\u2019\u00e9poque romaine sont visibles, elle conna\u00eet un essor consid\u00e9rable au Moyen-\u00c2ge. En effet, d\u00e8s le Moyen-\u00c2ge \u00ab\u202finterm\u00e9diaire \u00bb avec ses institutions consulaires vers 1130, la ville a &hellip; Continue reading L&rsquo;Histoire de la maison d&rsquo;arr\u00eat &rarr;\" \/>\n<meta property=\"og:url\" content=\"https:\/\/histoire-multimedia-web.univ-avignon.fr\/cellules-art\/lhistoire-de-la-maison-darret\/\" \/>\n<meta property=\"og:site_name\" content=\"Cellules d&#039;art\" \/>\n<meta property=\"og:image\" content=\"https:\/\/histoire-multimedia-web.univ-avignon.fr\/cellules-art\/wp-content\/uploads\/sites\/3\/2021\/06\/20160901_1_1_4_1_0_obj12628560_1-1024x570.jpg\" \/>\n<meta name=\"twitter:card\" content=\"summary_large_image\" \/>\n<meta name=\"twitter:label1\" content=\"Dur\u00e9e de lecture estim\u00e9e\" \/>\n\t<meta name=\"twitter:data1\" content=\"4 minutes\" \/>\n<script type=\"application\/ld+json\" class=\"yoast-schema-graph\">{\"@context\":\"https:\/\/schema.org\",\"@graph\":[{\"@type\":\"WebPage\",\"@id\":\"https:\/\/histoire-multimedia-web.univ-avignon.fr\/cellules-art\/lhistoire-de-la-maison-darret\/\",\"url\":\"https:\/\/histoire-multimedia-web.univ-avignon.fr\/cellules-art\/lhistoire-de-la-maison-darret\/\",\"name\":\"L'Histoire de la maison d'arr\u00eat - Cellules d&#039;art\",\"isPartOf\":{\"@id\":\"https:\/\/histoire-multimedia-web.univ-avignon.fr\/cellules-art\/#website\"},\"datePublished\":\"2021-05-11T07:26:37+00:00\",\"dateModified\":\"2021-05-11T07:26:37+00:00\",\"breadcrumb\":{\"@id\":\"https:\/\/histoire-multimedia-web.univ-avignon.fr\/cellules-art\/lhistoire-de-la-maison-darret\/#breadcrumb\"},\"inLanguage\":\"fr-FR\",\"potentialAction\":[{\"@type\":\"ReadAction\",\"target\":[\"https:\/\/histoire-multimedia-web.univ-avignon.fr\/cellules-art\/lhistoire-de-la-maison-darret\/\"]}]},{\"@type\":\"BreadcrumbList\",\"@id\":\"https:\/\/histoire-multimedia-web.univ-avignon.fr\/cellules-art\/lhistoire-de-la-maison-darret\/#breadcrumb\",\"itemListElement\":[{\"@type\":\"ListItem\",\"position\":1,\"name\":\"Accueil\",\"item\":\"https:\/\/histoire-multimedia-web.univ-avignon.fr\/cellules-art\/\"},{\"@type\":\"ListItem\",\"position\":2,\"name\":\"L&rsquo;Histoire de la maison d&rsquo;arr\u00eat\"}]},{\"@type\":\"WebSite\",\"@id\":\"https:\/\/histoire-multimedia-web.univ-avignon.fr\/cellules-art\/#website\",\"url\":\"https:\/\/histoire-multimedia-web.univ-avignon.fr\/cellules-art\/\",\"name\":\"Cellules d&#039;art\",\"description\":\"Plongez dans l\u2019histoire de la prison Sainte-Anne d\u2019Avignon\u2026\",\"potentialAction\":[{\"@type\":\"SearchAction\",\"target\":{\"@type\":\"EntryPoint\",\"urlTemplate\":\"https:\/\/histoire-multimedia-web.univ-avignon.fr\/cellules-art\/?s={search_term_string}\"},\"query-input\":\"required name=search_term_string\"}],\"inLanguage\":\"fr-FR\"}]}<\/script>\n<!-- \/ Yoast SEO plugin. -->","yoast_head_json":{"title":"L'Histoire de la maison d'arr\u00eat - Cellules d&#039;art","robots":{"index":"index","follow":"follow","max-snippet":"max-snippet:-1","max-image-preview":"max-image-preview:large","max-video-preview":"max-video-preview:-1"},"canonical":"https:\/\/histoire-multimedia-web.univ-avignon.fr\/cellules-art\/lhistoire-de-la-maison-darret\/","og_locale":"fr_FR","og_type":"article","og_title":"L'Histoire de la maison d'arr\u00eat - Cellules d&#039;art","og_description":"La ville d\u2019Avignon est riche d\u2019une histoire longue et complexe. M\u00eame si les origines de sa fondation sont assez floues et que quelques traces d\u2019une pr\u00e9sence humaine \u00e0 l\u2019\u00e9poque romaine sont visibles, elle conna\u00eet un essor consid\u00e9rable au Moyen-\u00c2ge. En effet, d\u00e8s le Moyen-\u00c2ge \u00ab\u202finterm\u00e9diaire \u00bb avec ses institutions consulaires vers 1130, la ville a &hellip; Continue reading L&rsquo;Histoire de la maison d&rsquo;arr\u00eat &rarr;","og_url":"https:\/\/histoire-multimedia-web.univ-avignon.fr\/cellules-art\/lhistoire-de-la-maison-darret\/","og_site_name":"Cellules d&#039;art","og_image":[{"url":"https:\/\/histoire-multimedia-web.univ-avignon.fr\/cellules-art\/wp-content\/uploads\/sites\/3\/2021\/06\/20160901_1_1_4_1_0_obj12628560_1-1024x570.jpg"}],"twitter_card":"summary_large_image","twitter_misc":{"Dur\u00e9e de lecture estim\u00e9e":"4 minutes"},"schema":{"@context":"https:\/\/schema.org","@graph":[{"@type":"WebPage","@id":"https:\/\/histoire-multimedia-web.univ-avignon.fr\/cellules-art\/lhistoire-de-la-maison-darret\/","url":"https:\/\/histoire-multimedia-web.univ-avignon.fr\/cellules-art\/lhistoire-de-la-maison-darret\/","name":"L'Histoire de la maison d'arr\u00eat - Cellules d&#039;art","isPartOf":{"@id":"https:\/\/histoire-multimedia-web.univ-avignon.fr\/cellules-art\/#website"},"datePublished":"2021-05-11T07:26:37+00:00","dateModified":"2021-05-11T07:26:37+00:00","breadcrumb":{"@id":"https:\/\/histoire-multimedia-web.univ-avignon.fr\/cellules-art\/lhistoire-de-la-maison-darret\/#breadcrumb"},"inLanguage":"fr-FR","potentialAction":[{"@type":"ReadAction","target":["https:\/\/histoire-multimedia-web.univ-avignon.fr\/cellules-art\/lhistoire-de-la-maison-darret\/"]}]},{"@type":"BreadcrumbList","@id":"https:\/\/histoire-multimedia-web.univ-avignon.fr\/cellules-art\/lhistoire-de-la-maison-darret\/#breadcrumb","itemListElement":[{"@type":"ListItem","position":1,"name":"Accueil","item":"https:\/\/histoire-multimedia-web.univ-avignon.fr\/cellules-art\/"},{"@type":"ListItem","position":2,"name":"L&rsquo;Histoire de la maison d&rsquo;arr\u00eat"}]},{"@type":"WebSite","@id":"https:\/\/histoire-multimedia-web.univ-avignon.fr\/cellules-art\/#website","url":"https:\/\/histoire-multimedia-web.univ-avignon.fr\/cellules-art\/","name":"Cellules d&#039;art","description":"Plongez dans l\u2019histoire de la prison Sainte-Anne d\u2019Avignon\u2026","potentialAction":[{"@type":"SearchAction","target":{"@type":"EntryPoint","urlTemplate":"https:\/\/histoire-multimedia-web.univ-avignon.fr\/cellules-art\/?s={search_term_string}"},"query-input":"required name=search_term_string"}],"inLanguage":"fr-FR"}]}},"_links":{"self":[{"href":"https:\/\/histoire-multimedia-web.univ-avignon.fr\/cellules-art\/wp-json\/wp\/v2\/pages\/9"}],"collection":[{"href":"https:\/\/histoire-multimedia-web.univ-avignon.fr\/cellules-art\/wp-json\/wp\/v2\/pages"}],"about":[{"href":"https:\/\/histoire-multimedia-web.univ-avignon.fr\/cellules-art\/wp-json\/wp\/v2\/types\/page"}],"author":[{"embeddable":true,"href":"https:\/\/histoire-multimedia-web.univ-avignon.fr\/cellules-art\/wp-json\/wp\/v2\/users\/5"}],"replies":[{"embeddable":true,"href":"https:\/\/histoire-multimedia-web.univ-avignon.fr\/cellules-art\/wp-json\/wp\/v2\/comments?post=9"}],"version-history":[{"count":0,"href":"https:\/\/histoire-multimedia-web.univ-avignon.fr\/cellules-art\/wp-json\/wp\/v2\/pages\/9\/revisions"}],"wp:attachment":[{"href":"https:\/\/histoire-multimedia-web.univ-avignon.fr\/cellules-art\/wp-json\/wp\/v2\/media?parent=9"}],"curies":[{"name":"wp","href":"https:\/\/api.w.org\/{rel}","templated":true}]}}