{"id":95,"date":"2021-05-25T22:29:14","date_gmt":"2021-05-25T20:29:14","guid":{"rendered":"https:\/\/sites.delab.fr\/saint-anne\/?page_id=95"},"modified":"2021-05-25T22:29:14","modified_gmt":"2021-05-25T20:29:14","slug":"accueil-lhistoire-des-graffitis-de-la-prison-sainte-anne-davignon","status":"publish","type":"page","link":"https:\/\/histoire-multimedia-web.univ-avignon.fr\/cellules-art\/","title":{"rendered":"Bienvenue sur \u00ab\u00a0Cellules d&rsquo;Art\u00a0\u00bb !"},"content":{"rendered":"\n<div class=\"wp-block-columns is-layout-flex wp-container-2\">\n<div class=\"wp-block-column is-layout-flow\"><\/div>\n<\/div>\n\n\n\n<div class=\"wp-block-getwid-section alignfull alignfull getwid-section-content-custom-width\"><div class=\"wp-block-getwid-section__wrapper getwid-padding-top-large getwid-padding-bottom-large getwid-padding-left-medium getwid-padding-right-medium\" style=\"min-height:35vh\"><div class=\"wp-block-getwid-section__inner-wrapper\" style=\"max-width:740px\"><div class=\"wp-block-getwid-section__background-holder\"><div class=\"wp-block-getwid-section__background\"><\/div><div class=\"wp-block-getwid-section__foreground\"><\/div><\/div><div class=\"wp-block-getwid-section__content\"><div class=\"wp-block-getwid-section__inner-content\">\n<div class=\"wp-block-getwid-advanced-heading\" style=\"margin-bottom:0px;margin-top:0px\"><span class=\"wp-block-getwid-advanced-heading__content\" style=\"text-align:center\"><\/span><\/div>\n\n\n\n<div class=\"wp-block-getwid-advanced-heading\" style=\"margin-bottom:30px;margin-top:10px\"><h2 class=\"wp-block-getwid-advanced-heading__content\" style=\"text-align:center\">Bienvenue sur Cellules d&rsquo;Art<\/h2><\/div>\n\n\n\n<p class=\"has-text-align-center\">\u00ab\u00a0Histoire de la prison\u00a0\u00bb permet de vous familiariser avec le pass\u00e9 de l&rsquo;\u00e9difice, de sa cr\u00e9ation \u00e0 sa d\u00e9saffectation r\u00e9cente. Dans la section \u00ab\u00a0Graffitis\u00a0\u00bb vous est pr\u00e9sent\u00e9 un \u00e9chantillon du corpus photographique r\u00e9alis\u00e9 avant la r\u00e9habilitation de l&rsquo;ancienne prison. Bonne visite \u00e0 tous ! <\/p>\n<\/div><\/div><\/div><\/div><\/div>\n","protected":false},"excerpt":{"rendered":"","protected":false},"author":5,"featured_media":0,"parent":0,"menu_order":0,"comment_status":"closed","ping_status":"closed","template":"","meta":[],"acf":[],"yoast_head":"<!-- This site is optimized with the Yoast SEO plugin v20.5 - https:\/\/yoast.com\/wordpress\/plugins\/seo\/ -->\n<title>L&#039;histoire des graffitis de la prison Sainte-Anne d&#039;Avignon - Cellules d&#039;art<\/title>\n<meta name=\"description\" content=\"L&#039;histoire des graffitis de la prison Sainte-Anne d\u2019Avignon narr\u00e9e par les \u00e9tudiants du CMI Histoire et Multim\u00e9dia d&#039;Avignon Universit\u00e9...\" \/>\n<meta name=\"robots\" content=\"index, follow, max-snippet:-1, max-image-preview:large, max-video-preview:-1\" \/>\n<link rel=\"canonical\" href=\"https:\/\/histoire-multimedia-web.univ-avignon.fr\/cellules-art\/\" \/>\n<meta property=\"og:locale\" content=\"fr_FR\" \/>\n<meta property=\"og:type\" content=\"article\" \/>\n<meta property=\"og:title\" content=\"L&#039;histoire des graffitis de la prison Sainte-Anne d&#039;Avignon - Cellules d&#039;art\" \/>\n<meta property=\"og:description\" content=\"L&#039;histoire des graffitis de la prison Sainte-Anne d\u2019Avignon narr\u00e9e par les \u00e9tudiants du CMI Histoire et Multim\u00e9dia d&#039;Avignon Universit\u00e9...\" \/>\n<meta property=\"og:url\" content=\"https:\/\/histoire-multimedia-web.univ-avignon.fr\/cellules-art\/\" \/>\n<meta property=\"og:site_name\" content=\"Cellules d&#039;art\" \/>\n<meta name=\"twitter:card\" content=\"summary_large_image\" \/>\n<meta name=\"twitter:label1\" content=\"Dur\u00e9e de lecture estim\u00e9e\" \/>\n\t<meta name=\"twitter:data1\" content=\"1 minute\" \/>\n<script type=\"application\/ld+json\" class=\"yoast-schema-graph\">{\"@context\":\"https:\/\/schema.org\",\"@graph\":[{\"@type\":\"WebPage\",\"@id\":\"https:\/\/histoire-multimedia-web.univ-avignon.fr\/cellules-art\/\",\"url\":\"https:\/\/histoire-multimedia-web.univ-avignon.fr\/cellules-art\/\",\"name\":\"L'histoire des graffitis de la prison Sainte-Anne d'Avignon - Cellules d&#039;art\",\"isPartOf\":{\"@id\":\"https:\/\/histoire-multimedia-web.univ-avignon.fr\/cellules-art\/#website\"},\"datePublished\":\"2021-05-25T20:29:14+00:00\",\"dateModified\":\"2021-05-25T20:29:14+00:00\",\"description\":\"L'histoire des graffitis de la prison Sainte-Anne d\u2019Avignon narr\u00e9e par les \u00e9tudiants du CMI Histoire et Multim\u00e9dia d'Avignon Universit\u00e9...\",\"breadcrumb\":{\"@id\":\"https:\/\/histoire-multimedia-web.univ-avignon.fr\/cellules-art\/#breadcrumb\"},\"inLanguage\":\"fr-FR\",\"potentialAction\":[{\"@type\":\"ReadAction\",\"target\":[\"https:\/\/histoire-multimedia-web.univ-avignon.fr\/cellules-art\/\"]}]},{\"@type\":\"BreadcrumbList\",\"@id\":\"https:\/\/histoire-multimedia-web.univ-avignon.fr\/cellules-art\/#breadcrumb\",\"itemListElement\":[{\"@type\":\"ListItem\",\"position\":1,\"name\":\"Accueil\",\"item\":\"https:\/\/histoire-multimedia-web.univ-avignon.fr\/cellules-art\/\"},{\"@type\":\"ListItem\",\"position\":2,\"name\":\"Bienvenue sur \u00ab\u00a0Cellules d&rsquo;Art\u00a0\u00bb !\"}]},{\"@type\":\"WebSite\",\"@id\":\"https:\/\/histoire-multimedia-web.univ-avignon.fr\/cellules-art\/#website\",\"url\":\"https:\/\/histoire-multimedia-web.univ-avignon.fr\/cellules-art\/\",\"name\":\"Cellules d&#039;art\",\"description\":\"Plongez dans l\u2019histoire de la prison Sainte-Anne d\u2019Avignon\u2026\",\"potentialAction\":[{\"@type\":\"SearchAction\",\"target\":{\"@type\":\"EntryPoint\",\"urlTemplate\":\"https:\/\/histoire-multimedia-web.univ-avignon.fr\/cellules-art\/?s={search_term_string}\"},\"query-input\":\"required name=search_term_string\"}],\"inLanguage\":\"fr-FR\"}]}<\/script>\n<!-- \/ Yoast SEO plugin. -->","yoast_head_json":{"title":"L'histoire des graffitis de la prison Sainte-Anne d'Avignon - Cellules d&#039;art","description":"L'histoire des graffitis de la prison Sainte-Anne d\u2019Avignon narr\u00e9e par les \u00e9tudiants du CMI Histoire et Multim\u00e9dia d'Avignon Universit\u00e9...","robots":{"index":"index","follow":"follow","max-snippet":"max-snippet:-1","max-image-preview":"max-image-preview:large","max-video-preview":"max-video-preview:-1"},"canonical":"https:\/\/histoire-multimedia-web.univ-avignon.fr\/cellules-art\/","og_locale":"fr_FR","og_type":"article","og_title":"L'histoire des graffitis de la prison Sainte-Anne d'Avignon - Cellules d&#039;art","og_description":"L'histoire des graffitis de la prison Sainte-Anne d\u2019Avignon narr\u00e9e par les \u00e9tudiants du CMI Histoire et Multim\u00e9dia d'Avignon Universit\u00e9...","og_url":"https:\/\/histoire-multimedia-web.univ-avignon.fr\/cellules-art\/","og_site_name":"Cellules d&#039;art","twitter_card":"summary_large_image","twitter_misc":{"Dur\u00e9e de lecture estim\u00e9e":"1 minute"},"schema":{"@context":"https:\/\/schema.org","@graph":[{"@type":"WebPage","@id":"https:\/\/histoire-multimedia-web.univ-avignon.fr\/cellules-art\/","url":"https:\/\/histoire-multimedia-web.univ-avignon.fr\/cellules-art\/","name":"L'histoire des graffitis de la prison Sainte-Anne d'Avignon - Cellules d&#039;art","isPartOf":{"@id":"https:\/\/histoire-multimedia-web.univ-avignon.fr\/cellules-art\/#website"},"datePublished":"2021-05-25T20:29:14+00:00","dateModified":"2021-05-25T20:29:14+00:00","description":"L'histoire des graffitis de la prison Sainte-Anne d\u2019Avignon narr\u00e9e par les \u00e9tudiants du CMI Histoire et Multim\u00e9dia d'Avignon Universit\u00e9...","breadcrumb":{"@id":"https:\/\/histoire-multimedia-web.univ-avignon.fr\/cellules-art\/#breadcrumb"},"inLanguage":"fr-FR","potentialAction":[{"@type":"ReadAction","target":["https:\/\/histoire-multimedia-web.univ-avignon.fr\/cellules-art\/"]}]},{"@type":"BreadcrumbList","@id":"https:\/\/histoire-multimedia-web.univ-avignon.fr\/cellules-art\/#breadcrumb","itemListElement":[{"@type":"ListItem","position":1,"name":"Accueil","item":"https:\/\/histoire-multimedia-web.univ-avignon.fr\/cellules-art\/"},{"@type":"ListItem","position":2,"name":"Bienvenue sur \u00ab\u00a0Cellules d&rsquo;Art\u00a0\u00bb !"}]},{"@type":"WebSite","@id":"https:\/\/histoire-multimedia-web.univ-avignon.fr\/cellules-art\/#website","url":"https:\/\/histoire-multimedia-web.univ-avignon.fr\/cellules-art\/","name":"Cellules d&#039;art","description":"Plongez dans l\u2019histoire de la prison Sainte-Anne d\u2019Avignon\u2026","potentialAction":[{"@type":"SearchAction","target":{"@type":"EntryPoint","urlTemplate":"https:\/\/histoire-multimedia-web.univ-avignon.fr\/cellules-art\/?s={search_term_string}"},"query-input":"required name=search_term_string"}],"inLanguage":"fr-FR"}]}},"_links":{"self":[{"href":"https:\/\/histoire-multimedia-web.univ-avignon.fr\/cellules-art\/wp-json\/wp\/v2\/pages\/95"}],"collection":[{"href":"https:\/\/histoire-multimedia-web.univ-avignon.fr\/cellules-art\/wp-json\/wp\/v2\/pages"}],"about":[{"href":"https:\/\/histoire-multimedia-web.univ-avignon.fr\/cellules-art\/wp-json\/wp\/v2\/types\/page"}],"author":[{"embeddable":true,"href":"https:\/\/histoire-multimedia-web.univ-avignon.fr\/cellules-art\/wp-json\/wp\/v2\/users\/5"}],"replies":[{"embeddable":true,"href":"https:\/\/histoire-multimedia-web.univ-avignon.fr\/cellules-art\/wp-json\/wp\/v2\/comments?post=95"}],"version-history":[{"count":0,"href":"https:\/\/histoire-multimedia-web.univ-avignon.fr\/cellules-art\/wp-json\/wp\/v2\/pages\/95\/revisions"}],"wp:attachment":[{"href":"https:\/\/histoire-multimedia-web.univ-avignon.fr\/cellules-art\/wp-json\/wp\/v2\/media?parent=95"}],"curies":[{"name":"wp","href":"https:\/\/api.w.org\/{rel}","templated":true}]}}